{"id":97,"date":"2018-06-24T21:05:33","date_gmt":"2018-06-24T21:05:33","guid":{"rendered":"http:\/\/genuss-wissen.com\/?page_id=97"},"modified":"2018-06-24T21:05:33","modified_gmt":"2018-06-24T21:05:33","slug":"agbs","status":"publish","type":"page","link":"http:\/\/genuss-wissen.com\/?page_id=97","title":{"rendered":"AGBs"},"content":{"rendered":"<p><b>AGBs Genuss &amp; Wissen<\/b><\/p>\n<p>Allgemeine Gesch\u00e4ftsbedingungen<\/p>\n<p>Auf Grundlage dieser Allgemeinen Gesch\u00e4ftsbedingungen (AGB)\u00a0kommt zwischen dem Kunden und Genuss &amp; Wissen\u00a0Einzelunternehmen, vertreten durch:\u00a0B\u00e4rbel Dahms, nachfolgend Anbieter genannt, der Vertrag zustande.\u00a0B\u00e4rbel Dahms, Genuss &amp; Wissen\u00a0Adresse: Weberstra\u00dfe 7, 21614 Buxtehude<\/p>\n<p>Tel: +49 41615409823, Mobil: +49 171 6269 295<\/p>\n<p>Fax +49 3222 4182030<\/p>\n<p>E-Mail-Adresse: info@genuss-wissen.de<\/p>\n<p>Finanzamt Stade, St.Nr.: 43\/124\/09136<\/p>\n<p><b>Vertragsgegenstand<\/b><\/p>\n<p>Durch diesen Vertrag wird der Verkauf von Dienstleistungen aus den Bereichen Veranstaltungen und Schulung geregelt. Wegen der Details des jeweiligen Angebotes wird auf die Produktbeschreibung des individuell erstellten Angebotes verwiesen.<\/p>\n<p><b>Vertragsabschluss<\/b><\/p>\n<p>Die \u00f6ffentlich zug\u00e4nglichen Angebote sind unverbindlich. Nach der Kundenbestellung erfolgt die Abgabe eines Angebots, das einer Annahme durch den Kunden bedarf.\u00a0Der Vertrag kommt im elektronischen Gesch\u00e4ftsverkehr per E-Mail oder per Post nach Unterzeichnung des Angebotes durch den Kunden und nach der Zusendung einer Auftragsbest\u00e4tigung zustande. Die automatisch erstellte und versandte Bestellbest\u00e4tigung stellt keine entsprechende rechtsverbindliche Erkl\u00e4rung dar.\u00a0Ein Vertrag kann auch durch Erbringung der Dienstleistung zustande kommen.<\/p>\n<p><b>Kosten<\/b><\/p>\n<p>Der Gesamtpreis errechnet sich aus den folgenden Komponenten: Stundenlohn, Fahrtzeiten.\u00a0Alle Preise sind Endpreise und enthalten gem. \u00a7 19 Abs. 1 UStG keine Umsatzsteuer (Mehrwertsteuer).\u00a0Neben den Endpreisen fallen je nach Auftrag weitere Kosten an wie:\u00a0Fahrtkosten, Unterbringung, Spesen.\u00a0Diese Kosten sind Bestandteil des Angebotes, sie werden vorab ausgelegt und dem Kunden nach Vorlage der Belege in Rechnung gestellt.\u00a0Besteht ein Widerrufsrecht und wird von diesem Gebrauch gemacht, tr\u00e4gt der Kunde die vorab get\u00e4tigten Auslagen nach Vorlage der Quittungen.<\/p>\n<p><b>Zahlungsbedingungen<\/b><\/p>\n<p>Der Kunde hat ausschlie\u00dflich folgende M\u00f6glichkeiten zur Zahlung: Vorab\u00fcberweisung oder Zahlung der Rechnung nach erfolgter Dienstleistung. Weitere Zahlungsarten werden nicht angeboten und werden zur\u00fcckgewiesen.\u00a0Der Kunde ist verpflichtet innerhalb von 7 Tagen nach Erhalt der Rechnung den ausgewiesenen Betrag auf das auf der Rechnung angegebene Konto einzuzahlen oder zu \u00fcberweisen.\u00a0Die Zahlung ist ab Rechnungsdatum ohne Abzug f\u00e4llig. Nach Ablauf der Zahlungsfrist, die somit kalenderm\u00e4\u00dfig bestimmt ist, kommt der Kunde auch ohne Mahnung in Verzug.\u00a0Die erste Mahnung nach Zahlungsverzug erfolgt kostenfrei. F\u00fcr jede weitere Mahnung werden zus\u00e4tzlich 5,00 % Mahn- und Bearbeitungsgeb\u00fchr erhoben.<\/p>\n<p><b>Widerrufsbelehrung<\/b><\/p>\n<p>Sie haben das Recht, bis 21 Tage vor Veranstaltungsbeginn ohne Angabe von Gr\u00fcnden den Auftrag zu widerrufen.\u00a0Stornierungen k\u00f6nnen schriftlich, per Fax oder per E-Mail (mit Best\u00e4tigung) erfolgen und sind bis zu 14 Tage vor Veranstaltungsbeginn kostenfrei. Im Falle einer sp\u00e4teren Absage oder bei Nichterscheinen ist die Gesamtsumme f\u00e4llig.\u00a0Um Ihr Widerrufsrecht auszu\u00fcben, m\u00fcssen Sie uns:\u00a0Genuss und Wissen, Einzelunternehmen, B\u00e4rbel Dahms, Weberstra\u00dfe 7, 21614 Buxtehude,\u00a0+49 4161540982 23 info@genuss-wissen.de\u00a0mittels einer eindeutigen Erkl\u00e4rung (z.B. ein mit der Post versandter Brief oder E-Mail) \u00fcber Ihren Entschluss, diesen Vertrag zu widerrufen, informieren. Der Wideruf eines Auftrages bedarf der Best\u00e4tigung durch Genuss &amp; Wissen, B\u00e4rbel Dahms &#8211; Ende der Widerrufsbelehrung<\/p>\n<p><b>Haftungsausschluss<\/b><br \/>\nSchadensersatzanspr\u00fcche des Kunden sind ausgeschlossen, soweit sich aus den nachfolgenden Gr\u00fcnden nicht etwas anderes ergibt. Dies gilt auch f\u00fcr den Vertreter und Erf\u00fcllungsgehilfen des Anbieters, falls der Kunde gegen diese Anspr\u00fcche auf Schadensersatz erhebt.\u00a0Ist die Durchf\u00fchrung der Veranstaltung aufgrund h\u00f6herer Gewalt (Umweltkatstrophen, Sturmflut, Feuer, Streik, etc.) nicht m\u00f6glich, wird der Kunde umgehend informiert.<span class=\"Apple-converted-space\">\u00a0<\/span><\/p>\n<p>Ein Anspruch auf Ersatz von Reise- und \u00dcbernachtungskosten sowie Arbeitsausfall ist ausgeschlossen, es sei denn, solche Kosten entstehen aufgrund grob fahrl\u00e4ssigen Verhaltens seitens Genuss &amp; Wissen.<\/p>\n<p><b>Abtretungs- und Verpf\u00e4ndungsverbot<\/b><br \/>\nAnspr\u00fcche oder Rechte des Kunden gegen den Anbieter d\u00fcrfen ohne dessen Zustimmung nicht abgetreten oder verpf\u00e4ndet werden, es sei denn der Kunde hat ein berechtigtes Interesse an der Abtretung oder Verpf\u00e4ndung nachgewiesen.<\/p>\n<p><b>Programm\u00e4nderungen<\/b><\/p>\n<p>Bei Veranstaltungen kann das Programm inhaltlich von der Programmank\u00fcndigung abweichen. Genuss &amp; Wissen ist berechtigt, angek\u00fcndigte Referenten durch andere zu ersetzen und andere 9notwendige Ver\u00e4nderungen unter Wahrung des Gesamtcharakters der Veranstaltung vorzunehmen.<\/p>\n<p><b>Bild und Tonaufnahmen<\/b><\/p>\n<p>Genuss &amp; Wissen ist berechtigt, Fotografien, Zeichnungen sowie Film- und Videoaufnahmen vom Veranstaltungsgeschehen und Teilnehmern anfertigen zu lassen und f\u00fcr Marketingzwecke zu verwenden. Der Teilnehmer erkl\u00e4rt &#8211; soweit erforderlich &#8211; hiermit sein Einverst\u00e4ndnis. Gleiches gilt f\u00fcr Aufnahmen, die Presse und\/oder Fernsehen mit Zustimmung von Genuss &amp; Wissen anfertigen.\u00a0Teilnehmer sind nicht berechtigt ohne Genehmigung, Ton-, Film- oder Videoaufnahmen von einer Veranstaltung oder von Teilnehmern anzufertigen.<\/p>\n<p><b>Urheber- und Markenrechte<\/b><\/p>\n<p>Bei allen Unterlagen, die im Rahmen einer Veranstaltung ausgeh\u00e4ndigt werden, wird dem Kunden ein nicht ausschlie\u00dfliches und nicht \u00fcbertragbares Nutzungsrecht zum Zwecke der Weiterbildung einger\u00e4umt. Alle Rechte, auch die des Nachdrucks und der Vervielf\u00e4ltigung der Veranstaltungsunterlagen oder von Teilen daraus sowie der \u00f6ffentlichen Nutzung sind untersagt.<\/p>\n<p>Kein Teil der Veranstaltungsunterlagen sowie der eingesetzten urheber- und markenrechtlich gesch\u00fctzten Software darf ohne schriftliche Genehmigung in irgendeiner Form, auch nicht f\u00fcr Zwecke der Unterrichtsgestaltung, reproduziert, insbesondere nicht unter Verwendung elektronischer Systeme verarbeitet, vervielf\u00e4ltigt, verbreitet, \u00f6ffentlich wiedergegeben oder \u00f6ffentlich zug\u00e4nglich gemacht werden. Die Software darf insbesondere nicht aus den Vortragsr\u00e4umen entfernt werden.<\/p>\n<p><b>Datenschutz<\/b><\/p>\n<p>Alle zur Vertragsabwicklung n\u00f6tigen Daten werden digital gespeichert.<\/p>\n<p>Diese Daten werden vertraulich behandeln und nur im Einklang mit den datenschutzrechtlichen Bestimmungen nutzen. Personenbezogene Daten sind alle Daten, die im Zusammenhang mit dem Namen des Teilnehmers gespeichert sind.<\/p>\n<p>Die vom Kunden \u00fcbermittelten Bestandsdaten (Vorname, Nachname, Liefer- und Rechnungsanschrift, E-Mail-Adresse, je nach Zahlungsart auch Kontoverbindung, Kreditkartennummer, Ablaufdatum der Kreditkarte) werden in der Kundendatenbank gespeichert und zum Zwecke der Erbringung der Leistung und zur Abrechnung verarbeitet, genutzt und &#8211; soweit notwendig &#8211; an daf\u00fcr beauftragte Dienstleister weitergegeben.<\/p>\n<p><b>Hausordnung<\/b><\/p>\n<p>Die am Veranstaltungsort geltende Hausordnung ist einzuhalten.<\/p>\n<p><b>Sonstiges<\/b><\/p>\n<p>\u00c4nderungen und Erg\u00e4nzungen dieses Vertrages einschlie\u00dflich Nebenabreden bed\u00fcrfen der Schriftform.Es gilt das Recht der Bundesrepublik Deutschland.<\/p>\n<p>Ausschlie\u00dflicher Gerichtsstand f\u00fcr s\u00e4mtliche Streitigkeiten aus und im Zusammenhang mit dem Vertrag, f\u00fcr den diese Allgemeinen Gesch\u00e4ftsbedingungen gelten, ist Buxtehude.<\/p>\n<p><a href=\"http:\/\/www.deutsche-anwaltshotline.de\/recht-auf-ihrer-website\/agb-generator\">AGB erstellt<\/a> \u00fcber den Generator der Deutschen Anwaltshotline AG<\/p>\n","protected":false},"excerpt":{"rendered":"<p>AGBs Genuss &amp; Wissen Allgemeine Gesch\u00e4ftsbedingungen Auf Grundlage dieser Allgemeinen Gesch\u00e4ftsbedingungen (AGB)\u00a0kommt zwischen dem Kunden und Genuss &amp; Wissen\u00a0Einzelunternehmen, vertreten durch:\u00a0B\u00e4rbel Dahms, nachfolgend Anbieter genannt, der Vertrag zustande.\u00a0B\u00e4rbel Dahms, Genuss &amp; Wissen\u00a0Adresse: Weberstra\u00dfe 7, 21614 Buxtehude Tel: +49 41615409823, Mobil: +49 171 6269 295 Fax +49 3222 4182030 E-Mail-Adresse: info@genuss-wissen.de Finanzamt Stade, St.Nr.: 43\/124\/09136 Vertragsgegenstand &hellip; <a href=\"http:\/\/genuss-wissen.com\/?page_id=97\" class=\"more-link\"><span class=\"screen-reader-text\">AGBs<\/span> weiterlesen <span class=\"meta-nav\">&rarr;<\/span><\/a><\/p>\n","protected":false},"author":1,"featured_media":0,"parent":0,"menu_order":0,"comment_status":"closed","ping_status":"closed","template":"","meta":{"footnotes":""},"_links":{"self":[{"href":"http:\/\/genuss-wissen.com\/index.php?rest_route=\/wp\/v2\/pages\/97"}],"collection":[{"href":"http:\/\/genuss-wissen.com\/index.php?rest_route=\/wp\/v2\/pages"}],"about":[{"href":"http:\/\/genuss-wissen.com\/index.php?rest_route=\/wp\/v2\/types\/page"}],"author":[{"embeddable":true,"href":"http:\/\/genuss-wissen.com\/index.php?rest_route=\/wp\/v2\/users\/1"}],"replies":[{"embeddable":true,"href":"http:\/\/genuss-wissen.com\/index.php?rest_route=%2Fwp%2Fv2%2Fcomments&post=97"}],"version-history":[{"count":4,"href":"http:\/\/genuss-wissen.com\/index.php?rest_route=\/wp\/v2\/pages\/97\/revisions"}],"predecessor-version":[{"id":115,"href":"http:\/\/genuss-wissen.com\/index.php?rest_route=\/wp\/v2\/pages\/97\/revisions\/115"}],"wp:attachment":[{"href":"http:\/\/genuss-wissen.com\/index.php?rest_route=%2Fwp%2Fv2%2Fmedia&parent=97"}],"curies":[{"name":"wp","href":"https:\/\/api.w.org\/{rel}","templated":true}]}}